{"id":24,"date":"2017-07-25T11:06:41","date_gmt":"2017-07-25T09:06:41","guid":{"rendered":"http:\/\/localhost:8888\/colazzi\/web\/?page_id=24"},"modified":"2022-10-14T11:45:34","modified_gmt":"2022-10-14T09:45:34","slug":"tenuta","status":"publish","type":"page","link":"https:\/\/www.collazzi.it\/it\/tenuta\/","title":{"rendered":"La Tenuta"},"content":{"rendered":"<p>Dal 1933 la bella Tenuta Collazzi appartiene alla famiglia Marchi. Nel corso dell\u2019ultimo decennio \u00e8 stato dato nuovo impulso all\u2019azienda, ristrutturando i vigneti e la cantina, con la volont\u00e0 di produrre vini d\u2019eccellenza.<\/p>\n<p>A Collazzi il microclima \u00e8 mediamente pi\u00f9 caldo e asciutto della zona circostante, ed una parte della propriet\u00e0 giace in un naturale anfiteatro perfettamente esposto a sud-ovest.<\/p>\n<p>La forte insolazione e l\u2019alta temperatura diurna consentono alle produzioni agricole una maturazione completa e costante negli anni. Dei 400 ettari di tenuta, oltre 25 sono coltivati a vigneti e 140 ad oliveto, allevate in coltura specializzata per la produzione di un prezioso extra vergine d\u2019oliva. Inoltre Collazzi si dedica all\u2019allevamento delle api, da cui ottiene una piccola produzione di miele integrale.<\/p>\n","protected":false},"excerpt":{"rendered":"<p>Dal 1933 la bella Tenuta Collazzi appartiene alla famiglia Marchi. Nel corso dell\u2019ultimo decennio \u00e8 stato dato nuovo impulso all\u2019azienda, ristrutturando i vigneti e la cantina, con la volont\u00e0 di produrre vini d\u2019eccellenza. A Collazzi il microclima \u00e8 mediamente pi\u00f9 caldo e asciutto della zona circostante, ed una parte della propriet\u00e0 giace in un naturale [&hellip;]<\/p>\n","protected":false},"author":1,"featured_media":0,"parent":0,"menu_order":0,"comment_status":"closed","ping_status":"closed","template":"page-tenuta.php","meta":[],"acf":[],"_links":{"self":[{"href":"https:\/\/www.collazzi.it\/it\/wp-json\/wp\/v2\/pages\/24"}],"collection":[{"href":"https:\/\/www.collazzi.it\/it\/wp-json\/wp\/v2\/pages"}],"about":[{"href":"https:\/\/www.collazzi.it\/it\/wp-json\/wp\/v2\/types\/page"}],"author":[{"embeddable":true,"href":"https:\/\/www.collazzi.it\/it\/wp-json\/wp\/v2\/users\/1"}],"replies":[{"embeddable":true,"href":"https:\/\/www.collazzi.it\/it\/wp-json\/wp\/v2\/comments?post=24"}],"version-history":[{"count":19,"href":"https:\/\/www.collazzi.it\/it\/wp-json\/wp\/v2\/pages\/24\/revisions"}],"predecessor-version":[{"id":1032,"href":"https:\/\/www.collazzi.it\/it\/wp-json\/wp\/v2\/pages\/24\/revisions\/1032"}],"wp:attachment":[{"href":"https:\/\/www.collazzi.it\/it\/wp-json\/wp\/v2\/media?parent=24"}],"curies":[{"name":"wp","href":"https:\/\/api.w.org\/{rel}","templated":true}]}}